{"id":29,"date":"2021-10-18T22:55:10","date_gmt":"2021-10-18T22:55:10","guid":{"rendered":"https:\/\/aladren.info\/aladren\/?page_id=29"},"modified":"2021-11-09T18:34:57","modified_gmt":"2021-11-09T18:34:57","slug":"aljez","status":"publish","type":"page","link":"https:\/\/aladren.info\/aladren\/aljez\/","title":{"rendered":"Aljez"},"content":{"rendered":"\n<p>La publicaci\u00f3n ALJEZ ha cumplido 25 a\u00f1os de publicaciones. Queremos haceros participes de este aniversario con la reedici\u00f3n de todos las revistas hasta este a\u00f1o. Posibilidad de solicitarlas por a\u00f1os o completa, incluso n\u00fameros sueltos. Para cualquier informaci\u00f3n pod\u00e9is escribir a: <a rel=\"noreferrer noopener\" href=\"mailto:jclsaa@hotmail.com\" target=\"_blank\">jclsaa@hotmail.com<\/a><\/p>\n\n\n\n<figure class=\"wp-block-image size-full\"><a href=\"https:\/\/aladren.info\/aladren\/wp-content\/uploads\/2021\/10\/Aljez-25-an.jpg\"><img loading=\"lazy\" decoding=\"async\" width=\"800\" height=\"600\" src=\"https:\/\/aladren.info\/aladren\/wp-content\/uploads\/2021\/10\/Aljez-25-an.jpg\" alt=\"\" class=\"wp-image-83\" srcset=\"https:\/\/aladren.info\/aladren\/wp-content\/uploads\/2021\/10\/Aljez-25-an.jpg 800w, https:\/\/aladren.info\/aladren\/wp-content\/uploads\/2021\/10\/Aljez-25-an-300x225.jpg 300w, https:\/\/aladren.info\/aladren\/wp-content\/uploads\/2021\/10\/Aljez-25-an-768x576.jpg 768w\" sizes=\"(max-width: 800px) 100vw, 800px\" \/><\/a><\/figure>\n","protected":false},"excerpt":{"rendered":"<p>La publicaci\u00f3n ALJEZ ha cumplido 25 a\u00f1os de publicaciones. Queremos haceros participes de este aniversario con la reedici\u00f3n de todos las revistas hasta este a\u00f1o. Posibilidad de solicitarlas por a\u00f1os o completa, incluso n\u00fameros sueltos. Para cualquier informaci\u00f3n pod\u00e9is escribir a: jclsaa@hotmail.com<\/p>\n","protected":false},"author":1,"featured_media":83,"parent":0,"menu_order":0,"comment_status":"open","ping_status":"closed","template":"","meta":{"_seopress_robots_primary_cat":"","ngg_post_thumbnail":0,"footnotes":"","_expiration-date-status":"","_expiration-date":0,"_expiration-date-type":"","_expiration-date-categories":[],"_expiration-date-options":[]},"_links":{"self":[{"href":"https:\/\/aladren.info\/aladren\/wp-json\/wp\/v2\/pages\/29"}],"collection":[{"href":"https:\/\/aladren.info\/aladren\/wp-json\/wp\/v2\/pages"}],"about":[{"href":"https:\/\/aladren.info\/aladren\/wp-json\/wp\/v2\/types\/page"}],"author":[{"embeddable":true,"href":"https:\/\/aladren.info\/aladren\/wp-json\/wp\/v2\/users\/1"}],"replies":[{"embeddable":true,"href":"https:\/\/aladren.info\/aladren\/wp-json\/wp\/v2\/comments?post=29"}],"version-history":[{"count":2,"href":"https:\/\/aladren.info\/aladren\/wp-json\/wp\/v2\/pages\/29\/revisions"}],"predecessor-version":[{"id":132,"href":"https:\/\/aladren.info\/aladren\/wp-json\/wp\/v2\/pages\/29\/revisions\/132"}],"wp:featuredmedia":[{"embeddable":true,"href":"https:\/\/aladren.info\/aladren\/wp-json\/wp\/v2\/media\/83"}],"wp:attachment":[{"href":"https:\/\/aladren.info\/aladren\/wp-json\/wp\/v2\/media?parent=29"}],"curies":[{"name":"wp","href":"https:\/\/api.w.org\/{rel}","templated":true}]}}